{"id":21471,"date":"2017-12-08T09:21:36","date_gmt":"2017-12-08T12:21:36","guid":{"rendered":"http:\/\/www.encontramorumbi.com.br\/sobre\/?page_id=21471"},"modified":"2017-12-11T16:49:36","modified_gmt":"2017-12-11T19:49:36","slug":"morumbi-shopping","status":"publish","type":"page","link":"https:\/\/www.encontramorumbi.com.br\/sobre\/morumbi-shopping\/","title":{"rendered":"Morumbi Shopping"},"content":{"rendered":"<div class=\"668395cb997a874797677d9ee29f7b25\" data-index=\"1\" style=\"float: none; margin:0px;\">\n<!-- Anuncio display - global -->\r\n<ins class=\"adsbygoogle\"\r\n     style=\"display:block\"\r\n     data-ad-client=\"ca-pub-8585364105181520\"\r\n     data-ad-slot=\"8789329856\"\r\n     data-ad-format=\"auto\"\r\n     data-full-width-responsive=\"true\"><\/ins>\r\n<script>\r\n     (adsbygoogle = window.adsbygoogle || []).push({});\r\n<\/script>\n<\/div>\n<p>Desde 1982, o <strong>Morumbi Shopping<\/strong> atua na vida e na moda do paulistano com um espa\u00e7o democr\u00e1tico e um mix de lojas atual, moderno e variado. Grande variedade de lojas para atender a todas as necessidades de seus clientes.<\/p>\n<p>Premiado pelos principais ve\u00edculos de S\u00e3o Paulo como o shopping mais completo, o Shopping Morumbi posicionou-se como refer\u00eancia na cidade como um espa\u00e7o democr\u00e1tico, que tem tudo para todos.<\/p>\n<p><img loading=\"lazy\" decoding=\"async\" class=\"alignnone wp-image-21472 size-full\" title=\"Morumbi Shopping\" src=\"https:\/\/www.encontramorumbi.com.br\/sobre\/wp-content\/uploads\/2017\/12\/shopping-morumbi.jpg\" alt=\"Morumbi Shopping\" width=\"680\" height=\"189\" srcset=\"https:\/\/www.encontramorumbi.com.br\/sobre\/wp-content\/uploads\/2017\/12\/shopping-morumbi.jpg 680w, https:\/\/www.encontramorumbi.com.br\/sobre\/wp-content\/uploads\/2017\/12\/shopping-morumbi-300x83.jpg 300w\" sizes=\"auto, (max-width: 680px) 100vw, 680px\" \/><\/p>\n<h2>Morumbi Shopping Lojas<\/h2>\n<p>S\u00e3o, ao todo, <em>483 lojas dos mais diversos segmentos<\/em>, como a Apple, Forever 21, Sephora, GAP, Coach, New Balance, Michael Kors, Ricardo Almeida, FIT, Animale, as \u00e2ncoras C&amp;A, Renner, Zara e as multilojas Fnac e Saraiva.<\/p>\n<h3>Morumbi Shopping Restaurantes<\/h3>\n<p>O Shopping Morumbi re\u00fane<em> 23 dos restaurantes mais prestigiados de S\u00e3o Paulo<\/em>, como Le Vin, Zucco, Piraj\u00e1, Saj, entre outros.<\/p>\n<h3>Apple Morumbi Shopping<\/h3>\n<p>O <em>Morumbi Shopping disp\u00f5e no piso superior, de uma loja Apple<\/em> que vende iPhones, iPads e muito mais em um espa\u00e7o com design moderno. Para mais informa\u00e7\u00f5es acesse o site do shopping.<\/p>\n<h3>Vagas Morumbi Shopping &#8211; Trabalhe Conosco<\/h3>\n<p>O\u00a0Morumbi Shopping disponibiliza <em>vagas de trabalho durante todo ano<\/em>. Para se informar sobre os processos seletivos e se candidatar as vagas acompanhe o site da empresa, onde \u00e9 poss\u00edvel se informar sobre vagas abertas, sal\u00e1rios e compet\u00eancias necess\u00e1rias para se candidatar ao processo.<\/p>\n<h3>Hor\u00e1rio de Funcionamento Morumbi Shopping<\/h3>\n<ul>\n<li>Segunda \u00e0 S\u00e1bado das 10h \u00e0s 22h | Domingo e Feriado das 14h \u00e0s 20h<\/li>\n<\/ul>\n<h3>Endere\u00e7o e Telefone Morumbi Shopping<\/h3>\n<ul>\n<li>Avenida Roque Petroni J\u00fanior, 1089 &#8211; Jardim das Ac\u00e1cias &#8211; S\u00e3o Paulo &#8211; SP &#8211; 04707-900<\/li>\n<li>Telefone: (11) 5189-4800<\/li>\n<\/ul>\n<h4>Outras informa\u00e7\u00f5es e site<\/h4>\n<ul>\n<li>Mais informa\u00e7\u00f5es:\u00a0<a href=\"http:\/\/www.morumbishopping.com.br\" target=\"_blank\" rel=\"noopener noreferrer\">www.morumbishopping.com.br<\/a><\/li>\n<li>E-mail: sac@morumbishopping.com.br<\/li>\n<li>Facebook: <a href=\"https:\/\/www.facebook.com\/MorumbiShoppingOficial\">www.facebook.com\/MorumbiShoppingOficial<\/a><\/li>\n<\/ul>\n<h4>Mapa de localiza\u00e7\u00e3o<\/h4>\n<a class=\"wp-colorbox-iframe\" href=\"https:\/\/www.google.com\/maps\/embed?pb=!1m14!1m8!1m3!1d14621.871798229942!2d-46.698821!3d-23.623407!3m2!1i1024!2i768!4f13.1!3m3!1m2!1s0x00xf636e54dd93f091e!2sMorumbi+Shopping!5e0!3m2!1spt-BR!2sbr!4v1512734043865\"><img decoding=\"async\" src=\"http:\/\/www.encontramorumbi.com.br\/imgs\/maps-post.png\"><\/a>\n\n<div style=\"font-size: 0px; height: 0px; line-height: 0px; margin: 0; padding: 0; clear: both;\"><\/div>","protected":false},"excerpt":{"rendered":"<p>Desde 1982, o Morumbi Shopping atua na vida e na moda do paulistano com um espa\u00e7o democr\u00e1tico e um mix de lojas atual, moderno e variado. Grande variedade de lojas para atender a todas as necessidades de seus clientes. Premiado pelos principais ve\u00edculos de S\u00e3o Paulo como o shopping mais completo, o Shopping Morumbi posicionou-se como refer\u00eancia na cidade como um espa\u00e7o democr\u00e1tico, que tem tudo para todos. Morumbi Shopping Lojas S\u00e3o, ao todo, 483 lojas dos mais diversos segmentos, como a Apple, Forever 21, Sephora, GAP, Coach, New Balance, Michael Kors, Ricardo Almeida, FIT, Animale, as \u00e2ncoras C&amp;A, Renner, <\/p>\n","protected":false},"author":1,"featured_media":0,"parent":0,"menu_order":0,"comment_status":"closed","ping_status":"closed","template":"","meta":{"footnotes":""},"class_list":["post-21471","page","type-page","status-publish","hentry"],"aioseo_notices":[],"_links":{"self":[{"href":"https:\/\/www.encontramorumbi.com.br\/sobre\/wp-json\/wp\/v2\/pages\/21471","targetHints":{"allow":["GET"]}}],"collection":[{"href":"https:\/\/www.encontramorumbi.com.br\/sobre\/wp-json\/wp\/v2\/pages"}],"about":[{"href":"https:\/\/www.encontramorumbi.com.br\/sobre\/wp-json\/wp\/v2\/types\/page"}],"author":[{"embeddable":true,"href":"https:\/\/www.encontramorumbi.com.br\/sobre\/wp-json\/wp\/v2\/users\/1"}],"replies":[{"embeddable":true,"href":"https:\/\/www.encontramorumbi.com.br\/sobre\/wp-json\/wp\/v2\/comments?post=21471"}],"version-history":[{"count":0,"href":"https:\/\/www.encontramorumbi.com.br\/sobre\/wp-json\/wp\/v2\/pages\/21471\/revisions"}],"wp:attachment":[{"href":"https:\/\/www.encontramorumbi.com.br\/sobre\/wp-json\/wp\/v2\/media?parent=21471"}],"curies":[{"name":"wp","href":"https:\/\/api.w.org\/{rel}","templated":true}]}}