{"id":21481,"date":"2017-12-08T15:07:46","date_gmt":"2017-12-08T18:07:46","guid":{"rendered":"http:\/\/www.encontramorumbi.com.br\/sobre\/?page_id=21481"},"modified":"2017-12-11T16:51:21","modified_gmt":"2017-12-11T19:51:21","slug":"morumbi-town-shopping","status":"publish","type":"page","link":"https:\/\/www.encontramorumbi.com.br\/sobre\/morumbi-town-shopping\/","title":{"rendered":"Morumbi Town Shopping"},"content":{"rendered":"<div class=\"668395cb997a874797677d9ee29f7b25\" data-index=\"1\" style=\"float: none; margin:0px;\">\n<!-- Anuncio display - global -->\r\n<ins class=\"adsbygoogle\"\r\n     style=\"display:block\"\r\n     data-ad-client=\"ca-pub-8585364105181520\"\r\n     data-ad-slot=\"8789329856\"\r\n     data-ad-format=\"auto\"\r\n     data-full-width-responsive=\"true\"><\/ins>\r\n<script>\r\n     (adsbygoogle = window.adsbygoogle || []).push({});\r\n<\/script>\n<\/div>\n<p>Com um conceito diferenciado, o <strong>Morumbi Town Shopping<\/strong> chegou na Zona Sul de S\u00e3o Paulo com o prop\u00f3sito de ser uma cidade de atra\u00e7\u00f5es inovadoras onde o universo de experi\u00eancias envolve toda a fam\u00edlia integrando entretenimento, gastronomia, conveni\u00eancias e compras, de uma forma \u00fanica.<\/p>\n<p><img loading=\"lazy\" decoding=\"async\" class=\"alignnone size-full wp-image-21482\" src=\"https:\/\/www.encontramorumbi.com.br\/sobre\/wp-content\/uploads\/2017\/12\/morumbi-town-shopping.jpg\" alt=\"\" width=\"680\" height=\"189\" srcset=\"https:\/\/www.encontramorumbi.com.br\/sobre\/wp-content\/uploads\/2017\/12\/morumbi-town-shopping.jpg 680w, https:\/\/www.encontramorumbi.com.br\/sobre\/wp-content\/uploads\/2017\/12\/morumbi-town-shopping-300x83.jpg 300w\" sizes=\"auto, (max-width: 680px) 100vw, 680px\" \/><br \/>\nInaugurado em outubro de 2016 e focado em proporcionar o compartilhamento de experi\u00eancias, o Morumbi Town Shopping re\u00fane as melhores atra\u00e7\u00f5es de lazer, como:<\/p>\n<ul>\n<li>You Play \u2013 espa\u00e7o de recrea\u00e7\u00e3o e divers\u00e3o para crian\u00e7as;<\/li>\n<li>Urban Motion Parque de Trampolins \u2013 com mais de 300 metros quadrados de trampolins interconectados;<\/li>\n<li>Cinesystem &#8211; considerado da Am\u00e9rica Latina e, o primeiro da marca em S\u00e3o Paulo;<\/li>\n<li>Airsoft \u2013 jogo de a\u00e7\u00e3o e aventura;<\/li>\n<li>Mundo Maker \u2013 Espa\u00e7o que proporciona conhecimento e divers\u00e3o a partir de oficinas que misturam ferramentas manuais e tecnol\u00f3gicas;<\/li>\n<li>Kart Indoor \u2013 Um desafio que promete divertir toda a fam\u00edlia.<\/li>\n<\/ul>\n<h2>Morumbi Town Shopping Cinema<\/h2>\n<p>O p\u00fablico de S\u00e3o Paulo pode agora aproveitar toda a tecnologia e autonomia do <em>primeiro cinema inteiramente equipado com projetores a laser e autoatendimento da Am\u00e9rica Latina<\/em>. O Cinesystem Morumbi Town \u00e9 o primeiro empreendimento da rede na capital paulistana e conta com os seguintes atributos:<\/p>\n<ul>\n<li>Salas 3D com tecnologia da MasterImage, que proporciona brilho 20% maior do que o 3D convencional;<\/li>\n<li>Projeto luminot\u00e9cnico que melhora a locomo\u00e7\u00e3o na sala;<\/li>\n<li>Sistema Box in Box com padr\u00e3o THX &#8211; impede que at\u00e9 o som mais potente ultrapasse as paredes das salas;<\/li>\n<li>Lobby Domination;<\/li>\n<li>\u00c1rea reservada para deficientes f\u00edsicos dentro do Espa\u00e7o VIP;<\/li>\n<li>Sala \u201cCIN\u00c9PIC\u201d, a mais tecnol\u00f3gica da exibidora, com tela gigante, som Dolby Atmos\u00ae com 31.000 watts de pot\u00eancia &#8211; mais que o dobro da pot\u00eancia de outras salas tecnol\u00f3gicas do mercado &#8211; e proje\u00e7\u00e3o digital a laser com tecnologia 4K e High Frame Rate (HFR).<\/li>\n<\/ul>\n<h3>Shopping Morumbi Town Lojas<\/h3>\n<p>O <em>Morumbi Town Shopping conta com marcas renomadas, focadas em diversos segmentos<\/em>, como o hipermercado Zaffari, Tok&amp;Stok, Est\u00fadio de Dan\u00e7a Anac\u00e3, General Prime Burger, Clube Morena Rosa, Reserva, Renner, Academia Bio Ritmo, L\u2019Occitane au Br\u00e9sil, Havanna, entre outras.<\/p>\n<p>Al\u00e9m disso, possui a primeira flagship da Panvel \u2013 rede farmac\u00eautica ga\u00facha, T Store com a primeira loja da Tramontina em S\u00e3o Paulo; e Blink.me \u2013 sal\u00e3o de beleza que segue o conceito internacional de fast beauty, integrando a venda de perfumaria e maquiagem com a oferta de servi\u00e7os de beleza.<\/p>\n<h3>Morumbi Town Shopping Restaurantes<\/h3>\n<p>O <span style=\"text-decoration: underline;\">Morumbi Town Shopping possui uma ampla variedade de restaurantes, lanchonetes, cafeterias e docerias<\/span>, s\u00e3o op\u00e7\u00f5es para todos os gostos, como Burger King, Carrito Mexican Food, Casa Paris, Giraffas, Mc Donalds, Montana, Pizza Makers, Spaziale Italiana, Parmeggio, Cacau Show, entre outros.<\/p>\n<h3>Vagas Morumbi Town Shopping &#8211; Trabalhe Conosco<\/h3>\n<p>O\u00a0<span style=\"text-decoration: underline;\">Morumbi Town Shopping disponibiliza vagas de trabalho durante todo ano<\/span>. Para se informar sobre os processos seletivos e se candidatar as vagas acompanhe o site da empresa, onde \u00e9 poss\u00edvel se informar sobre vagas abertas, sal\u00e1rios e compet\u00eancias necess\u00e1rias para se candidatar ao processo.<\/p>\n<h3>Hor\u00e1rio de Funcionamento Morumbi Town Shopping<\/h3>\n<ul>\n<li>Segunda a S\u00e1bado das 10h \u00e0s 22h | Domingo e Feriado das 14h \u00e0s 20h<\/li>\n<\/ul>\n<h3>Endere\u00e7o e Telefone Morumbi Town Shopping<\/h3>\n<ul>\n<li>Av. Giovanni Gronchi, 5930 &#8211; Vila Andrade, S\u00e3o Paulo &#8211; SP, 05724-002<\/li>\n<li>Telefone: (11) 3740-6946<\/li>\n<\/ul>\n<h4>Outras informa\u00e7\u00f5es e site<\/h4>\n<ul>\n<li>Mais informa\u00e7\u00f5es:\u00a0<a href=\"https:\/\/morumbitown.com.br\" target=\"_blank\" rel=\"noopener noreferrer\">www.morumbitown.com.br<\/a><\/li>\n<li>Facebook: <a href=\"https:\/\/www.facebook.com\/MorumbiTownShopping\" target=\"_blank\" rel=\"noopener noreferrer\">www.facebook.com\/MorumbiTownShopping<\/a><\/li>\n<\/ul>\n<h4>Mapa de localiza\u00e7\u00e3o<\/h4>\n<a class=\"wp-colorbox-iframe\" href=\"https:\/\/www.google.com\/maps\/embed?pb=!1m14!1m8!1m3!1d14620.966874511327!2d-46.7376774!3d-23.631513!3m2!1i1024!2i768!4f13.1!3m3!1m2!1s0x00x615b242b99a74c56!2sMorumbi+Town+Shopping!5e0!3m2!1spt-BR!2sbr!4v1512753764950\"><img decoding=\"async\" src=\"http:\/\/www.encontramorumbi.com.br\/imgs\/maps-post.png\"><\/a>\n\n<div style=\"font-size: 0px; height: 0px; line-height: 0px; margin: 0; padding: 0; clear: both;\"><\/div>","protected":false},"excerpt":{"rendered":"<p>Com um conceito diferenciado, o Morumbi Town Shopping chegou na Zona Sul de S\u00e3o Paulo com o prop\u00f3sito de ser uma cidade de atra\u00e7\u00f5es inovadoras onde o universo de experi\u00eancias envolve toda a fam\u00edlia integrando entretenimento, gastronomia, conveni\u00eancias e compras, de uma forma \u00fanica. Inaugurado em outubro de 2016 e focado em proporcionar o compartilhamento de experi\u00eancias, o Morumbi Town Shopping re\u00fane as melhores atra\u00e7\u00f5es de lazer, como: You Play \u2013 espa\u00e7o de recrea\u00e7\u00e3o e divers\u00e3o para crian\u00e7as; Urban Motion Parque de Trampolins \u2013 com mais de 300 metros quadrados de trampolins interconectados; Cinesystem &#8211; considerado da Am\u00e9rica Latina e, <\/p>\n","protected":false},"author":1,"featured_media":0,"parent":0,"menu_order":0,"comment_status":"closed","ping_status":"closed","template":"","meta":{"footnotes":""},"class_list":["post-21481","page","type-page","status-publish","hentry"],"aioseo_notices":[],"_links":{"self":[{"href":"https:\/\/www.encontramorumbi.com.br\/sobre\/wp-json\/wp\/v2\/pages\/21481","targetHints":{"allow":["GET"]}}],"collection":[{"href":"https:\/\/www.encontramorumbi.com.br\/sobre\/wp-json\/wp\/v2\/pages"}],"about":[{"href":"https:\/\/www.encontramorumbi.com.br\/sobre\/wp-json\/wp\/v2\/types\/page"}],"author":[{"embeddable":true,"href":"https:\/\/www.encontramorumbi.com.br\/sobre\/wp-json\/wp\/v2\/users\/1"}],"replies":[{"embeddable":true,"href":"https:\/\/www.encontramorumbi.com.br\/sobre\/wp-json\/wp\/v2\/comments?post=21481"}],"version-history":[{"count":0,"href":"https:\/\/www.encontramorumbi.com.br\/sobre\/wp-json\/wp\/v2\/pages\/21481\/revisions"}],"wp:attachment":[{"href":"https:\/\/www.encontramorumbi.com.br\/sobre\/wp-json\/wp\/v2\/media?parent=21481"}],"curies":[{"name":"wp","href":"https:\/\/api.w.org\/{rel}","templated":true}]}}