{"id":21669,"date":"2018-02-23T10:19:28","date_gmt":"2018-02-23T13:19:28","guid":{"rendered":"http:\/\/www.encontramorumbi.com.br\/sobre\/?page_id=21669"},"modified":"2018-02-23T21:51:26","modified_gmt":"2018-02-24T00:51:26","slug":"cemiterio-do-morumbi","status":"publish","type":"page","link":"https:\/\/www.encontramorumbi.com.br\/sobre\/cemiterio-do-morumbi\/","title":{"rendered":"Cemit\u00e9rio do Morumbi"},"content":{"rendered":"<div class=\"668395cb997a874797677d9ee29f7b25\" data-index=\"1\" style=\"float: none; margin:0px;\">\n<!-- Anuncio display - global -->\r\n<ins class=\"adsbygoogle\"\r\n     style=\"display:block\"\r\n     data-ad-client=\"ca-pub-8585364105181520\"\r\n     data-ad-slot=\"8789329856\"\r\n     data-ad-format=\"auto\"\r\n     data-full-width-responsive=\"true\"><\/ins>\r\n<script>\r\n     (adsbygoogle = window.adsbygoogle || []).push({});\r\n<\/script>\n<\/div>\n<p>O <strong>Cemit\u00e9rio do Morumbi<\/strong> foi fundado pelo deputado La\u00e9rcio Corte no ano de 1968 e \u00e9 controlado por uma empresa particular que \u00e9 a entidade Religiosa Jo\u00e3o XXIII, e conta com uma \u00e1rea total de 300 mil metros quadrados.<\/p>\n<p>Seu formato de cemit\u00e9rio jardim, sendo seus t\u00famulos somente cobertos por grama e uma placa de identifica\u00e7\u00e3o, com inspira\u00e7\u00e3o na arquitetura americana, inova\u00e7\u00e3o para \u00e0 \u00e9poca uma vez que s\u00f3 existiam cemit\u00e9rios com constru\u00e7\u00e3o de l\u00e1pides.<\/p>\n<p><img loading=\"lazy\" decoding=\"async\" class=\"alignnone wp-image-21670 size-full\" title=\"Cemit\u00e9rio do Morumbi\" src=\"https:\/\/www.encontramorumbi.com.br\/sobre\/wp-content\/uploads\/2018\/02\/cemiterio-do-morumbi.jpg\" alt=\"Cemit\u00e9rio do Morumbi\" width=\"680\" height=\"189\" srcset=\"https:\/\/www.encontramorumbi.com.br\/sobre\/wp-content\/uploads\/2018\/02\/cemiterio-do-morumbi.jpg 680w, https:\/\/www.encontramorumbi.com.br\/sobre\/wp-content\/uploads\/2018\/02\/cemiterio-do-morumbi-300x83.jpg 300w\" sizes=\"auto, (max-width: 680px) 100vw, 680px\" \/><\/p>\n<p>Destaca-se pela beleza e originalidade de sua arquitetura em formato de c\u00edrculos, caracterizada por suas formas geom\u00e9tricas desenhadas pelo gramado e pelos diferentes arranjos paisag\u00edsticos.<\/p>\n<h2>Cemit\u00e9rio do Morumbi Famosos<\/h2>\n<p>Veja abaixo lista de alguns t\u00famulos de <em>intelectuais, artistas e pessoas p\u00fablicas<\/em> em S\u00e3o Paulo.<\/p>\n<ul>\n<li>Altemar Dutra, cantor<\/li>\n<li>Ayrton Senna, piloto de F\u00f3rmula 1<\/li>\n<li>Elis Regina, cantora<\/li>\n<li>Ronald Golias, comediante<\/li>\n<\/ul>\n<h3>Cemit\u00e9rio do Morumbi Ayrton Senna<\/h3>\n<p>O t\u00famulo de <span style=\"text-decoration: underline;\">Airton Senna<\/span> se encontra em um lugar central debaixo de uma \u00e1rvore, um lugar bem acess\u00edvel a todos da entrada do cemit\u00e9rio do Morumbi. Ali, uma placa marca o lugar de descanso do <em>\u00eddolo do esporte<\/em> brasileiro. V\u00e1 e fa\u00e7a sua homenagem.<\/p>\n<h3>Cemit\u00e9rio do Morumbi Pre\u00e7o<\/h3>\n<p>Venda de concess\u00f5es de jazigos: <em>compra preventiva<\/em> ou uso imediato<br \/>\nEmpreendedor da \u00e1rea de expans\u00e3o IV Etapa: compra preventiva | uso aquisi\u00e7\u00e3o imediata<br \/>\nCompleta infra-estrutura para promover conforto<\/p>\n<p>Entre em contato com o Cemit\u00e9rio para informa\u00e7\u00f5es sobre <em>pre\u00e7os.<\/em><\/p>\n<h3>Hor\u00e1rio de Funcionamento Cemit\u00e9rio do Morumbi<\/h3>\n<ul>\n<li>Atendimento 24 horas.<\/li>\n<\/ul>\n<h3>Endere\u00e7o e Telefone Cemit\u00e9rio do Morumbi<\/h3>\n<ul>\n<li>R. Dep. La\u00e9rcio Corte, 468 &#8211; Morumbi &#8211; S\u00e3o Paulo &#8211; SP<\/li>\n<li>Telefone: (11) 3759-1000<\/li>\n<\/ul>\n<h4>Outras informa\u00e7\u00f5es e site<\/h4>\n<ul>\n<li>Mais informa\u00e7\u00f5es:\u00a0<a href=\"http:\/\/www.cemiteriodomorumbi.com.br\/\" target=\"_blank\" rel=\"noopener noreferrer\">www.cemiteriodomorumbi.com.br\/<\/a><\/li>\n<\/ul>\n<h4>Mapa de localiza\u00e7\u00e3o<\/h4>\n<a class=\"wp-colorbox-iframe\" href=\"https:\/\/www.google.com\/maps\/embed?pb=!1m14!1m8!1m3!1d14621.589032633443!2d-46.7253041!3d-23.6259402!3m2!1i1024!2i768!4f13.1!3m3!1m2!1s0x00xa78102f60dd9f95e!2sCemitrio+do+Morumbi!5e0!3m2!1spt-BR!2sbr!4v1519388062808\"><img decoding=\"async\" src=\"http:\/\/www.encontrabelohorizonte.com.br\/imgs\/maps-post.png\"><\/a>\n\n<div style=\"font-size: 0px; height: 0px; line-height: 0px; margin: 0; padding: 0; clear: both;\"><\/div>","protected":false},"excerpt":{"rendered":"<p>O Cemit\u00e9rio do Morumbi foi fundado pelo deputado La\u00e9rcio Corte no ano de 1968 e \u00e9 controlado por uma empresa particular que \u00e9 a entidade Religiosa Jo\u00e3o XXIII, e conta com uma \u00e1rea total de 300 mil metros quadrados. Seu formato de cemit\u00e9rio jardim, sendo seus t\u00famulos somente cobertos por grama e uma placa de identifica\u00e7\u00e3o, com inspira\u00e7\u00e3o na arquitetura americana, inova\u00e7\u00e3o para \u00e0 \u00e9poca uma vez que s\u00f3 existiam cemit\u00e9rios com constru\u00e7\u00e3o de l\u00e1pides. Destaca-se pela beleza e originalidade de sua arquitetura em formato de c\u00edrculos, caracterizada por suas formas geom\u00e9tricas desenhadas pelo gramado e pelos diferentes arranjos paisag\u00edsticos. <\/p>\n","protected":false},"author":1,"featured_media":0,"parent":0,"menu_order":0,"comment_status":"closed","ping_status":"closed","template":"","meta":{"footnotes":""},"class_list":["post-21669","page","type-page","status-publish","hentry"],"aioseo_notices":[],"_links":{"self":[{"href":"https:\/\/www.encontramorumbi.com.br\/sobre\/wp-json\/wp\/v2\/pages\/21669","targetHints":{"allow":["GET"]}}],"collection":[{"href":"https:\/\/www.encontramorumbi.com.br\/sobre\/wp-json\/wp\/v2\/pages"}],"about":[{"href":"https:\/\/www.encontramorumbi.com.br\/sobre\/wp-json\/wp\/v2\/types\/page"}],"author":[{"embeddable":true,"href":"https:\/\/www.encontramorumbi.com.br\/sobre\/wp-json\/wp\/v2\/users\/1"}],"replies":[{"embeddable":true,"href":"https:\/\/www.encontramorumbi.com.br\/sobre\/wp-json\/wp\/v2\/comments?post=21669"}],"version-history":[{"count":0,"href":"https:\/\/www.encontramorumbi.com.br\/sobre\/wp-json\/wp\/v2\/pages\/21669\/revisions"}],"wp:attachment":[{"href":"https:\/\/www.encontramorumbi.com.br\/sobre\/wp-json\/wp\/v2\/media?parent=21669"}],"curies":[{"name":"wp","href":"https:\/\/api.w.org\/{rel}","templated":true}]}}