{"id":21706,"date":"2018-02-23T17:11:32","date_gmt":"2018-02-23T20:11:32","guid":{"rendered":"http:\/\/www.encontramorumbi.com.br\/sobre\/?page_id=21706"},"modified":"2018-02-23T21:45:57","modified_gmt":"2018-02-24T00:45:57","slug":"igreja-monte-siao-morumbi","status":"publish","type":"page","link":"https:\/\/www.encontramorumbi.com.br\/sobre\/igreja-monte-siao-morumbi\/","title":{"rendered":"Igreja Monte Si\u00e3o Morumbi"},"content":{"rendered":"<div class=\"668395cb997a874797677d9ee29f7b25\" data-index=\"1\" style=\"float: none; margin:0px;\">\n<!-- Anuncio display - global -->\r\n<ins class=\"adsbygoogle\"\r\n     style=\"display:block\"\r\n     data-ad-client=\"ca-pub-8585364105181520\"\r\n     data-ad-slot=\"8789329856\"\r\n     data-ad-format=\"auto\"\r\n     data-full-width-responsive=\"true\"><\/ins>\r\n<script>\r\n     (adsbygoogle = window.adsbygoogle || []).push({});\r\n<\/script>\n<\/div>\n<p>A<strong> Igreja Monte Si\u00e3o Morumbi<\/strong> preza por um relacionamento com Deus Pai, Filho e Esp\u00edrito. Assim, a prioridade \u00e9 passar tempo aprendendo a amar melhor a Deus e ao pr\u00f3ximo.<\/p>\n<p>A igreja entende que isso \u00e9 feito atrav\u00e9s dos momentos de louvor, adora\u00e7\u00e3o, estudo da palavra e tamb\u00e9m aprendendo como desenvolver os dons.<\/p>\n<p>A vontade que voc\u00ea sinta alegria de conhecer ao Senhor que sempre amou seu povo.<\/p>\n<p><img loading=\"lazy\" decoding=\"async\" class=\"alignnone wp-image-21707 size-full\" title=\"Igreja Monte Si\u00e3o Morumbi\" src=\"https:\/\/www.encontramorumbi.com.br\/sobre\/wp-content\/uploads\/2018\/02\/igreja-monte-siao-morumbi.jpg\" alt=\"Igreja Monte Si\u00e3o Morumbi\" width=\"680\" height=\"189\" srcset=\"https:\/\/www.encontramorumbi.com.br\/sobre\/wp-content\/uploads\/2018\/02\/igreja-monte-siao-morumbi.jpg 680w, https:\/\/www.encontramorumbi.com.br\/sobre\/wp-content\/uploads\/2018\/02\/igreja-monte-siao-morumbi-300x83.jpg 300w\" sizes=\"auto, (max-width: 680px) 100vw, 680px\" \/><\/p>\n<h2>Hor\u00e1rio de Funcionamento Igreja Evang\u00e9lica Monte Si\u00e3o Morumbi<\/h2>\n<ul>\n<li>Hor\u00e1rio dos Cultos: (Domingo) 8h e 11h<\/li>\n<\/ul>\n<h3>Endere\u00e7o e Telefone Igreja Monte Si\u00e3o Morumbi<\/h3>\n<ul>\n<li>R. Liberato Carvalho Leite, 86 &#8211; S\u00e3o Paulo &#8211; SP<\/li>\n<li>Telefone: (11) 3746-8984<\/li>\n<\/ul>\n<h4>Outras informa\u00e7\u00f5es e site<\/h4>\n<ul>\n<li>Mais informa\u00e7\u00f5es:\u00a0<a href=\"http:\/\/www.mtsiao.com.br\/\" target=\"_blank\" rel=\"noopener noreferrer\">www.mtsiao.com.br\/<\/a><\/li>\n<\/ul>\n<h4>Mapa de localiza\u00e7\u00e3o<\/h4>\n<a class=\"wp-colorbox-iframe\" href=\"https:\/\/www.google.com\/maps\/embed?pb=!1m14!1m8!1m3!1d14622.968210062272!2d-46.7390471!3d-23.6135822!3m2!1i1024!2i768!4f13.1!3m3!1m2!1s0x00x9baac44b9344e64e!2sIgreja+Monte+Sio!5e0!3m2!1spt-BR!2sbr!4v1519415592100\"><img decoding=\"async\" src=\"http:\/\/www.encontrabelohorizonte.com.br\/imgs\/maps-post.png\"><\/a>\n\n<div style=\"font-size: 0px; height: 0px; line-height: 0px; margin: 0; padding: 0; clear: both;\"><\/div>","protected":false},"excerpt":{"rendered":"<p>A Igreja Monte Si\u00e3o Morumbi preza por um relacionamento com Deus Pai, Filho e Esp\u00edrito. Assim, a prioridade \u00e9 passar tempo aprendendo a amar melhor a Deus e ao pr\u00f3ximo. A igreja entende que isso \u00e9 feito atrav\u00e9s dos momentos de louvor, adora\u00e7\u00e3o, estudo da palavra e tamb\u00e9m aprendendo como desenvolver os dons. A vontade que voc\u00ea sinta alegria de conhecer ao Senhor que sempre amou seu povo. Hor\u00e1rio de Funcionamento Igreja Evang\u00e9lica Monte Si\u00e3o Morumbi Hor\u00e1rio dos Cultos: (Domingo) 8h e 11h Endere\u00e7o e Telefone Igreja Monte Si\u00e3o Morumbi R. Liberato Carvalho Leite, 86 &#8211; S\u00e3o Paulo &#8211; SP <\/p>\n","protected":false},"author":1,"featured_media":0,"parent":0,"menu_order":0,"comment_status":"closed","ping_status":"closed","template":"","meta":{"footnotes":""},"class_list":["post-21706","page","type-page","status-publish","hentry"],"aioseo_notices":[],"_links":{"self":[{"href":"https:\/\/www.encontramorumbi.com.br\/sobre\/wp-json\/wp\/v2\/pages\/21706","targetHints":{"allow":["GET"]}}],"collection":[{"href":"https:\/\/www.encontramorumbi.com.br\/sobre\/wp-json\/wp\/v2\/pages"}],"about":[{"href":"https:\/\/www.encontramorumbi.com.br\/sobre\/wp-json\/wp\/v2\/types\/page"}],"author":[{"embeddable":true,"href":"https:\/\/www.encontramorumbi.com.br\/sobre\/wp-json\/wp\/v2\/users\/1"}],"replies":[{"embeddable":true,"href":"https:\/\/www.encontramorumbi.com.br\/sobre\/wp-json\/wp\/v2\/comments?post=21706"}],"version-history":[{"count":0,"href":"https:\/\/www.encontramorumbi.com.br\/sobre\/wp-json\/wp\/v2\/pages\/21706\/revisions"}],"wp:attachment":[{"href":"https:\/\/www.encontramorumbi.com.br\/sobre\/wp-json\/wp\/v2\/media?parent=21706"}],"curies":[{"name":"wp","href":"https:\/\/api.w.org\/{rel}","templated":true}]}}