{"id":21725,"date":"2018-02-26T10:57:15","date_gmt":"2018-02-26T13:57:15","guid":{"rendered":"http:\/\/www.encontramorumbi.com.br\/sobre\/?page_id=21725"},"modified":"2018-02-26T22:49:28","modified_gmt":"2018-02-27T01:49:28","slug":"estacao-morumbi","status":"publish","type":"page","link":"https:\/\/www.encontramorumbi.com.br\/sobre\/estacao-morumbi\/","title":{"rendered":"Esta\u00e7\u00e3o Morumbi"},"content":{"rendered":"<div class=\"668395cb997a874797677d9ee29f7b25\" data-index=\"1\" style=\"float: none; margin:0px;\">\n<!-- Anuncio display - global -->\r\n<ins class=\"adsbygoogle\"\r\n     style=\"display:block\"\r\n     data-ad-client=\"ca-pub-8585364105181520\"\r\n     data-ad-slot=\"8789329856\"\r\n     data-ad-format=\"auto\"\r\n     data-full-width-responsive=\"true\"><\/ins>\r\n<script>\r\n     (adsbygoogle = window.adsbygoogle || []).push({});\r\n<\/script>\n<\/div>\n<p>A <strong>Esta\u00e7\u00e3o Morumbi<\/strong> \u00e9 uma esta\u00e7\u00e3o ferrovi\u00e1ria, pertencente \u00e0 linha 9 da CPTM, localizada no limite do distrito de Santo Amaro na Cidade de S\u00e3o Paulo. Far\u00e1 integra\u00e7\u00e3o com a Linha 17-Ouro prevista para 2019.<\/p>\n<p>A Esta\u00e7\u00e3o Morumbi est\u00e1 localizada ao lado da Marginal Pinheiros na altura da conflu\u00eancia entre a Avenida das Na\u00e7\u00f5es Unidas com a Avenida Jo\u00e3o D\u00f3ria, no bairro de Vila Gertrudes no distrito de Santo Amaro, na Zona Sul de S\u00e3o Paulo.<\/p>\n<p><img loading=\"lazy\" decoding=\"async\" class=\"alignnone wp-image-21726 size-full\" title=\"Esta\u00e7\u00e3o Morumbi\" src=\"https:\/\/www.encontramorumbi.com.br\/sobre\/wp-content\/uploads\/2018\/02\/estacao-morumbi.jpg\" alt=\"Esta\u00e7\u00e3o Morumbi\" width=\"680\" height=\"189\" srcset=\"https:\/\/www.encontramorumbi.com.br\/sobre\/wp-content\/uploads\/2018\/02\/estacao-morumbi.jpg 680w, https:\/\/www.encontramorumbi.com.br\/sobre\/wp-content\/uploads\/2018\/02\/estacao-morumbi-300x83.jpg 300w\" sizes=\"auto, (max-width: 680px) 100vw, 680px\" \/><\/p>\n<h2>Esta\u00e7\u00e3o Morumbi Linha Amarela<\/h2>\n<p>A Esta\u00e7\u00e3o S\u00e3o Paulo\u2013Morumbi ser\u00e1 uma esta\u00e7\u00e3o de metr\u00f4 <em>da linha 4\u2013Amarela<\/em> da ViaQuatro do Metr\u00f4 de S\u00e3o Paulo. A previs\u00e3o inicial da inaugura\u00e7\u00e3o da esta\u00e7\u00e3o era para 2012, sendo adiada para 2015, 2017 e, atualmente, julho de 2018.<\/p>\n<p>As obras da esta\u00e7\u00e3o da Linha 17 foram congeladas devido \u00e0 falta de recursos do Estado, sendo assim descartada.<\/p>\n<p>A <em>Esta\u00e7\u00e3o S\u00e3o Paulo-Morumbi<\/em> ficar\u00e1 localizada na conflu\u00eancia entre as avenidas Professor Francisco Morato e Jorge Jo\u00e3o Saad, no distrito do Butant\u00e3, na Zona Oeste de S\u00e3o Paulo<\/p>\n<h3>Esta\u00e7\u00e3o Morumbi Monotrilho<\/h3>\n<p>Foram iniciadas as obras de constru\u00e7\u00e3o da esta\u00e7\u00e3o Morumbi, que far\u00e1 parte da Linha 17-Ouro, em sistema de <span style=\"text-decoration: underline;\">monotrilho<\/span>. Quando pronta, a esta\u00e7\u00e3o vai atender a 41 mil passageiros por dia.<\/p>\n<p>A <em>nova esta\u00e7\u00e3o<\/em> ser\u00e1 elevada e ficar\u00e1 na Marginal Pinheiros, entre a esta\u00e7\u00e3o Morumbi da CPTM e a margem do rio Pinheiros, na altura da rua Engenheiro Mesquita Sampaio, permitindo acesso r\u00e1pido e gratuito \u00e0 Linha 9-Esmeralda. Os trabalhos tamb\u00e9m incluem obras de adequa\u00e7\u00f5es na esta\u00e7\u00e3o da CPTM, com a constru\u00e7\u00e3o de um mezanino ao final da plataforma, al\u00e9m do acr\u00e9scimo de duas escadas rolantes, elevador e uma escada fixa.<\/p>\n<p>A <em>nova esta\u00e7\u00e3o da Linha 17<\/em> ter\u00e1 8.600 m\u00b2 de \u00e1rea constru\u00edda, contando com duas plataformas laterais de 60 metros cada, ventila\u00e7\u00e3o e ilumina\u00e7\u00e3o natural, al\u00e9m de capta\u00e7\u00e3o de \u00e1gua pluvial para limpeza das cal\u00e7adas e irriga\u00e7\u00e3o dos jardins.<\/p>\n<h3>Esta\u00e7\u00e3o Morumbi CPTM<\/h3>\n<p>A <em>esta\u00e7\u00e3o da CPTM<\/em> possui um desenho arquitet\u00f4nico avan\u00e7ado, com projeto baseado em m\u00f3dulos, passarela sobre a Via Professor Sim\u00e3o Faiguenboim, mezanino de embarque, elevadores para portadores de defici\u00eancia, rampa de acesso, piso de borracha, cobertura e mapas com ruas e localiza\u00e7\u00e3o dos pontos importantes da regi\u00e3o.<\/p>\n<h3>Hor\u00e1rio de Funcionamento Esta\u00e7\u00e3o Morumbi<\/h3>\n<ul>\n<li>Diariamente das 4h40 \u00e0s 00h \/ S\u00e1bados das 4h40 s 01h<\/li>\n<\/ul>\n<h3>Endere\u00e7o e Telefone Esta\u00e7\u00e3o Morumbi<\/h3>\n<ul>\n<li>Av. das Na\u00e7\u00f5es Unidas, 14171 &#8211; S\u00e3o Paulo &#8211; SP<\/li>\n<li>Telefone: 08800-550-121<\/li>\n<\/ul>\n<h4>Outras informa\u00e7\u00f5es e site<\/h4>\n<ul>\n<li>Mais informa\u00e7\u00f5es:\u00a0<a href=\"http:\/\/www.cptm.sp.gov.br\/\" target=\"_blank\" rel=\"noopener noreferrer\">www.cptm.sp.gov.br\/<\/a><\/li>\n<\/ul>\n<h4>Mapa da Esta\u00e7\u00e3o Morumbi &#8211; Linha 9 Esmeralda<\/h4>\n<p><img loading=\"lazy\" decoding=\"async\" class=\"alignnone wp-image-21727 size-full\" title=\"Mapa da Esta\u00e7\u00e3o Morumbi - Linha 9 Esmeralda\" src=\"https:\/\/www.encontramorumbi.com.br\/sobre\/wp-content\/uploads\/2018\/02\/estacao-morumbi-mapa.jpg\" alt=\"Mapa da Esta\u00e7\u00e3o Morumbi - Linha 9 Esmeralda\" width=\"680\" height=\"212\" srcset=\"https:\/\/www.encontramorumbi.com.br\/sobre\/wp-content\/uploads\/2018\/02\/estacao-morumbi-mapa.jpg 680w, https:\/\/www.encontramorumbi.com.br\/sobre\/wp-content\/uploads\/2018\/02\/estacao-morumbi-mapa-300x94.jpg 300w\" sizes=\"auto, (max-width: 680px) 100vw, 680px\" \/><\/p>\n<p>&nbsp;<\/p>\n\n<div style=\"font-size: 0px; height: 0px; line-height: 0px; margin: 0; padding: 0; clear: both;\"><\/div>","protected":false},"excerpt":{"rendered":"<p>A Esta\u00e7\u00e3o Morumbi \u00e9 uma esta\u00e7\u00e3o ferrovi\u00e1ria, pertencente \u00e0 linha 9 da CPTM, localizada no limite do distrito de Santo Amaro na Cidade de S\u00e3o Paulo. Far\u00e1 integra\u00e7\u00e3o com a Linha 17-Ouro prevista para 2019. A Esta\u00e7\u00e3o Morumbi est\u00e1 localizada ao lado da Marginal Pinheiros na altura da conflu\u00eancia entre a Avenida das Na\u00e7\u00f5es Unidas com a Avenida Jo\u00e3o D\u00f3ria, no bairro de Vila Gertrudes no distrito de Santo Amaro, na Zona Sul de S\u00e3o Paulo. Esta\u00e7\u00e3o Morumbi Linha Amarela A Esta\u00e7\u00e3o S\u00e3o Paulo\u2013Morumbi ser\u00e1 uma esta\u00e7\u00e3o de metr\u00f4 da linha 4\u2013Amarela da ViaQuatro do Metr\u00f4 de S\u00e3o Paulo. A <\/p>\n","protected":false},"author":1,"featured_media":0,"parent":0,"menu_order":0,"comment_status":"closed","ping_status":"closed","template":"","meta":{"footnotes":""},"class_list":["post-21725","page","type-page","status-publish","hentry"],"aioseo_notices":[],"_links":{"self":[{"href":"https:\/\/www.encontramorumbi.com.br\/sobre\/wp-json\/wp\/v2\/pages\/21725","targetHints":{"allow":["GET"]}}],"collection":[{"href":"https:\/\/www.encontramorumbi.com.br\/sobre\/wp-json\/wp\/v2\/pages"}],"about":[{"href":"https:\/\/www.encontramorumbi.com.br\/sobre\/wp-json\/wp\/v2\/types\/page"}],"author":[{"embeddable":true,"href":"https:\/\/www.encontramorumbi.com.br\/sobre\/wp-json\/wp\/v2\/users\/1"}],"replies":[{"embeddable":true,"href":"https:\/\/www.encontramorumbi.com.br\/sobre\/wp-json\/wp\/v2\/comments?post=21725"}],"version-history":[{"count":0,"href":"https:\/\/www.encontramorumbi.com.br\/sobre\/wp-json\/wp\/v2\/pages\/21725\/revisions"}],"wp:attachment":[{"href":"https:\/\/www.encontramorumbi.com.br\/sobre\/wp-json\/wp\/v2\/media?parent=21725"}],"curies":[{"name":"wp","href":"https:\/\/api.w.org\/{rel}","templated":true}]}}