{"id":21753,"date":"2018-03-05T09:50:24","date_gmt":"2018-03-05T12:50:24","guid":{"rendered":"http:\/\/www.encontramorumbi.com.br\/sobre\/?page_id=21753"},"modified":"2018-03-05T11:03:25","modified_gmt":"2018-03-05T14:03:25","slug":"casa-de-vidro-morumbi","status":"publish","type":"page","link":"https:\/\/www.encontramorumbi.com.br\/sobre\/casa-de-vidro-morumbi\/","title":{"rendered":"Casa de Vidro Morumbi"},"content":{"rendered":"<div class=\"668395cb997a874797677d9ee29f7b25\" data-index=\"1\" style=\"float: none; margin:0px;\">\n<!-- Anuncio display - global -->\r\n<ins class=\"adsbygoogle\"\r\n     style=\"display:block\"\r\n     data-ad-client=\"ca-pub-8585364105181520\"\r\n     data-ad-slot=\"8789329856\"\r\n     data-ad-format=\"auto\"\r\n     data-full-width-responsive=\"true\"><\/ins>\r\n<script>\r\n     (adsbygoogle = window.adsbygoogle || []).push({});\r\n<\/script>\n<\/div>\n<p>Considerada \u00edcone da arquitetura moderna no Brasil, a<strong> Casa de Vidro Morumbi<\/strong> foi o primeiro projeto constru\u00eddo da arquiteta \u00edtalo-brasileira Lina Bo Bardi.<\/p>\n<p>O loteamento da antiga Fazenda de Ch\u00e1 Muller Carioba, na regi\u00e3o do Morumbi, em S\u00e3o Paulo foi o local escolhido para constru\u00e7\u00e3o, iniciada entre 1950 e 1951.<\/p>\n<p><img loading=\"lazy\" decoding=\"async\" class=\"alignnone size-full wp-image-21754\" src=\"https:\/\/www.encontramorumbi.com.br\/sobre\/wp-content\/uploads\/2018\/03\/casa-de-vidro-morumbi.jpg\" alt=\"\" width=\"680\" height=\"189\" srcset=\"https:\/\/www.encontramorumbi.com.br\/sobre\/wp-content\/uploads\/2018\/03\/casa-de-vidro-morumbi.jpg 680w, https:\/\/www.encontramorumbi.com.br\/sobre\/wp-content\/uploads\/2018\/03\/casa-de-vidro-morumbi-300x83.jpg 300w\" sizes=\"auto, (max-width: 680px) 100vw, 680px\" \/><\/p>\n<p>A Casa de Vidro, resid\u00eancia do casal Lina Bo e Pietro Maria Bardi por mais de 40 anos, ganhou este nome por sua fachada imponente de vidro que parece flutuar sobre pilares.<\/p>\n<p>Al\u00e9m de marco arquitet\u00f4nico, a Casa de Vidro tornou-se ponto de encontro de artistas, arquitetos e intelectuais. Grandes nomes Max Bill, Steinberg, Gio Ponti, Calder,<\/p>\n<p>John Cage, Aldo van Eyck\u00a0 e Glauber Rocha encontravam na resid\u00eancia do casal Bardi o espa\u00e7o ideal para discuss\u00f5es culturais, ideol\u00f3gicas e sociais.<\/p>\n<h2>Hor\u00e1rio de Funcionamento Casa de Vidro Morumbi<\/h2>\n<ul>\n<li>Quinta a domingo \u00e0s 10h15 e 11h15 no per\u00edodo da manh\u00e3 e \u00e0s 13h30, 14h30 e 15h30 \u00e0 tarde.<\/li>\n<\/ul>\n<h3>Endere\u00e7o e Telefone Casa de Vidro Morumbi<\/h3>\n<ul>\n<li>Rua General Aum\u00e9rio de Moura, 200 &#8211; S\u00e3o Paulo &#8211; SP<\/li>\n<li>Telefone: (11) 3744-9902<\/li>\n<\/ul>\n<h4>Outras informa\u00e7\u00f5es e site<\/h4>\n<ul>\n<li>Mais informa\u00e7\u00f5es:\u00a0<a href=\"http:\/\/www.institutobardi.com.br\" target=\"_blank\" rel=\"noopener noreferrer\">www.institutobardi.com.br<\/a><\/li>\n<\/ul>\n<h4>Mapa de localiza\u00e7\u00e3o<\/h4>\n<a class=\"wp-colorbox-iframe\" href=\"https:\/\/www.google.com\/maps\/embed?pb=!1m14!1m8!1m3!1d14623.073869087986!2d-46.7123892!3d-23.6126352!3m2!1i1024!2i768!4f13.1!3m3!1m2!1s0x00x891be36567c8627f!2sCasa+de+Vidro+Lina+Bo+Bardi!5e0!3m2!1spt-BR!2sbr!4v1520214917070\"><img decoding=\"async\" src=\"http:\/\/www.encontrabelohorizonte.com.br\/imgs\/maps-post.png\"><\/a>\n\n<div style=\"font-size: 0px; height: 0px; line-height: 0px; margin: 0; padding: 0; clear: both;\"><\/div>","protected":false},"excerpt":{"rendered":"<p>Considerada \u00edcone da arquitetura moderna no Brasil, a Casa de Vidro Morumbi foi o primeiro projeto constru\u00eddo da arquiteta \u00edtalo-brasileira Lina Bo Bardi. O loteamento da antiga Fazenda de Ch\u00e1 Muller Carioba, na regi\u00e3o do Morumbi, em S\u00e3o Paulo foi o local escolhido para constru\u00e7\u00e3o, iniciada entre 1950 e 1951. A Casa de Vidro, resid\u00eancia do casal Lina Bo e Pietro Maria Bardi por mais de 40 anos, ganhou este nome por sua fachada imponente de vidro que parece flutuar sobre pilares. Al\u00e9m de marco arquitet\u00f4nico, a Casa de Vidro tornou-se ponto de encontro de artistas, arquitetos e intelectuais. Grandes <\/p>\n","protected":false},"author":1,"featured_media":0,"parent":0,"menu_order":0,"comment_status":"closed","ping_status":"closed","template":"","meta":{"footnotes":""},"class_list":["post-21753","page","type-page","status-publish","hentry"],"aioseo_notices":[],"_links":{"self":[{"href":"https:\/\/www.encontramorumbi.com.br\/sobre\/wp-json\/wp\/v2\/pages\/21753","targetHints":{"allow":["GET"]}}],"collection":[{"href":"https:\/\/www.encontramorumbi.com.br\/sobre\/wp-json\/wp\/v2\/pages"}],"about":[{"href":"https:\/\/www.encontramorumbi.com.br\/sobre\/wp-json\/wp\/v2\/types\/page"}],"author":[{"embeddable":true,"href":"https:\/\/www.encontramorumbi.com.br\/sobre\/wp-json\/wp\/v2\/users\/1"}],"replies":[{"embeddable":true,"href":"https:\/\/www.encontramorumbi.com.br\/sobre\/wp-json\/wp\/v2\/comments?post=21753"}],"version-history":[{"count":0,"href":"https:\/\/www.encontramorumbi.com.br\/sobre\/wp-json\/wp\/v2\/pages\/21753\/revisions"}],"wp:attachment":[{"href":"https:\/\/www.encontramorumbi.com.br\/sobre\/wp-json\/wp\/v2\/media?parent=21753"}],"curies":[{"name":"wp","href":"https:\/\/api.w.org\/{rel}","templated":true}]}}